{"id":1062,"date":"2022-08-11T16:54:17","date_gmt":"2022-08-11T14:54:17","guid":{"rendered":"https:\/\/www.forgesdupontdoye.com\/gourmet-calendar\/"},"modified":"2023-01-25T16:57:04","modified_gmt":"2023-01-25T15:57:04","slug":"gourmet-calendar","status":"publish","type":"page","link":"https:\/\/www.forgesdupontdoye.com\/en\/gourmet-calendar\/","title":{"rendered":"Gourmet Calendar"},"content":{"rendered":"\n<div class=\"header-view\">\n            <div class=\"header-view__bg\" id=\"landing-header\">\n            <img loading=\"lazy\" decoding=\"async\" width=\"1920\" height=\"1080\" src=\"https:\/\/www.forgesdupontdoye.com\/wp-content\/uploads\/2022\/08\/duotone-20220515PlatsCanailles-14-min-1920x1080.jpg\" class=\"attachment-background_size size-background_size\" alt=\"\" \/>        <\/div>\n    \n    <div class=\"header-view__wrapper\">\n        <div class=\"container-fluid\">\n            <div\n                class=\"row justify-content-center align-items-center   pt-max-5 mt-max-5\">\n                \n                <div\n                    class=\"col-md-8 col-xl-5 text-center \">\n                    <div class=\"header-view__txt-col posr pe-0 \">\n                        <h1 class=\"h2 header-view__title\" data-aos=\"fade-up\" data-aos-delay=\"200\">\n                            Calendrier Gourmand\n                                                    <\/h1>\n\n                        <div class=\"wysiwyg header-view__content\" data-aos=\"fade-up\" data-aos-delay=\"400\">\n                            <p>Discover our various menus throughout the year 2023<\/p>\n                                                                                <\/div>\n                    <\/div>\n                <\/div>\n            <\/div>\n        <\/div>\n    <\/div>\n<\/div>\n\n    <div class=\"container-fluid\">\n        <div class=\"row\">\n            <div class=\"offset-xl-2 col-xl-8\">\n                <div class=\"menu-main pt-5\" id=\"calendar\">\n                                            <div class=\"menu-slot --main\" data-aos=\"fade-zoom-in\" data-aos-easing=\"ease-in-back\" data-aos-delay=\"300\" data-aos-offset=\"0\">\n                            <h4 class=\"menu-slot__title\">\n                                Menu \u00ab\u00a0Truffe\u00a0\u00bb &#038; Menu \u00ab\u00a0De l\u2019Hiver\u00a0\u00bb\n                            <\/h4>\n\n                            <div class=\"menu-slot__desc wysiwyg\">\n                                \n<p>du 27\/01 au 19\/02 (hors Saint-Valentin)<\/p>\n\n                            <\/div>\n                        <\/div>\n                                            <div class=\"menu-slot --main\" data-aos=\"fade-zoom-in\" data-aos-easing=\"ease-in-back\" data-aos-delay=\"300\" data-aos-offset=\"0\">\n                            <h4 class=\"menu-slot__title\">\n                                Soir\u00e9e Vigneronne I\n                            <\/h4>\n\n                            <div class=\"menu-slot__desc wysiwyg\">\n                                \n<p>Isolabella della Croce, Pi\u00e9mont, Nizza, Monferrato, Asti<br\/>du 22\/02 au samedi 25\/02<\/p>\n\n                            <\/div>\n                        <\/div>\n                                            <div class=\"menu-slot --main\" data-aos=\"fade-zoom-in\" data-aos-easing=\"ease-in-back\" data-aos-delay=\"300\" data-aos-offset=\"0\">\n                            <h4 class=\"menu-slot__title\">\n                                Soir\u00e9e Vigneronne II\n                            <\/h4>\n\n                            <div class=\"menu-slot__desc wysiwyg\">\n                                \n<p>Ch\u00e2teau Val Joanis, Vall\u00e9e du Rh\u00f4ne, Luberon<br\/>du 01\/03 au 04\/03<\/p>\n\n                            <\/div>\n                        <\/div>\n                                            <div class=\"menu-slot --main\" data-aos=\"fade-zoom-in\" data-aos-easing=\"ease-in-back\" data-aos-delay=\"300\" data-aos-offset=\"0\">\n                            <h4 class=\"menu-slot__title\">\n                                Soir\u00e9e Vigneronne III\n                            <\/h4>\n\n                            <div class=\"menu-slot__desc wysiwyg\">\n                                \n<p>Domaine Valenciso, Espagne, Rioja<br\/>du 15\/03 au samedi 18\/03<\/p>\n\n                            <\/div>\n                        <\/div>\n                                            <div class=\"menu-slot --main\" data-aos=\"fade-zoom-in\" data-aos-easing=\"ease-in-back\" data-aos-delay=\"300\" data-aos-offset=\"0\">\n                            <h4 class=\"menu-slot__title\">\n                                Soir\u00e9e Vigneronne IV\n                            <\/h4>\n\n                            <div class=\"menu-slot__desc wysiwyg\">\n                                \n<p>Ch\u00e2teau du Breuil, Val de Loire, Anjou, Savenni\u00e8res, Coteaux du Layon<br\/>du 22\/03 au 25\/03<\/p>\n\n                            <\/div>\n                        <\/div>\n                                            <div class=\"menu-slot --main\" data-aos=\"fade-zoom-in\" data-aos-easing=\"ease-in-back\" data-aos-delay=\"300\" data-aos-offset=\"0\">\n                            <h4 class=\"menu-slot__title\">\n                                Soir\u00e9e Vigneronne V\n                            <\/h4>\n\n                            <div class=\"menu-slot__desc wysiwyg\">\n                                \n<p>Domaine Pujol, Languedoc, Minervois<br\/>du 05\/04 au 08\/04<\/p>\n\n                            <\/div>\n                        <\/div>\n                                            <div class=\"menu-slot --main\" data-aos=\"fade-zoom-in\" data-aos-easing=\"ease-in-back\" data-aos-delay=\"300\" data-aos-offset=\"0\">\n                            <h4 class=\"menu-slot__title\">\n                                Soir\u00e9e Vigneronne VI\n                            <\/h4>\n\n                            <div class=\"menu-slot__desc wysiwyg\">\n                                \n<p>Domaine Les Grandes Costes, Languedoc, Pic Saint Loup<br\/>du 12\/04 au 15\/04<\/p>\n\n                            <\/div>\n                        <\/div>\n                                            <div class=\"menu-slot --main\" data-aos=\"fade-zoom-in\" data-aos-easing=\"ease-in-back\" data-aos-delay=\"300\" data-aos-offset=\"0\">\n                            <h4 class=\"menu-slot__title\">\n                                Menu \u00ab\u00a0Elles sont belles, elles sont fra\u00eeches nos Asperges\u00a0\u00bb\n                            <\/h4>\n\n                            <div class=\"menu-slot__desc wysiwyg\">\n                                \n<p>du 19\/04 au 28\/05<\/p>\n\n                            <\/div>\n                        <\/div>\n                                            <div class=\"menu-slot --main\" data-aos=\"fade-zoom-in\" data-aos-easing=\"ease-in-back\" data-aos-delay=\"300\" data-aos-offset=\"0\">\n                            <h4 class=\"menu-slot__title\">\n                                Menu \u00ab\u00a0Le Homard aux Plats Canailles de la Bleue Maison\u00a0\u00bb\n                            <\/h4>\n\n                            <div class=\"menu-slot__desc wysiwyg\">\n                                \n<p>du 31\/05 au 09\/07<\/p>\n\n                            <\/div>\n                        <\/div>\n                                            <div class=\"menu-slot --main\" data-aos=\"fade-zoom-in\" data-aos-easing=\"ease-in-back\" data-aos-delay=\"300\" data-aos-offset=\"0\">\n                            <h4 class=\"menu-slot__title\">\n                                Menu \u00ab\u00a0Et\u00e9\u00a0\u00bb\n                            <\/h4>\n\n                            <div class=\"menu-slot__desc wysiwyg\">\n                                \n<p>du 12\/07 au 06\/08<\/p>\n\n                            <\/div>\n                        <\/div>\n                                            <div class=\"menu-slot --main\" data-aos=\"fade-zoom-in\" data-aos-easing=\"ease-in-back\" data-aos-delay=\"300\" data-aos-offset=\"0\">\n                            <h4 class=\"menu-slot__title\">\n                                Menu \u00ab\u00a0Le Homard II\u00a0: le Retour\u00a0\u00bb\n                            <\/h4>\n\n                            <div class=\"menu-slot__desc wysiwyg\">\n                                \n<p>du 09\/08 au 03\/09<\/p>\n\n                            <\/div>\n                        <\/div>\n                                            <div class=\"menu-slot --main\" data-aos=\"fade-zoom-in\" data-aos-easing=\"ease-in-back\" data-aos-delay=\"300\" data-aos-offset=\"0\">\n                            <h4 class=\"menu-slot__title\">\n                                Menu \u00ab\u00a0Gibiers sauvages de chez nous\u00a0\u00bb\n                            <\/h4>\n\n                            <div class=\"menu-slot__desc wysiwyg\">\n                                \n<p>du 04\/10 au 05\/11<\/p>\n\n                            <\/div>\n                        <\/div>\n                                            <div class=\"menu-slot --main\" data-aos=\"fade-zoom-in\" data-aos-easing=\"ease-in-back\" data-aos-delay=\"300\" data-aos-offset=\"0\">\n                            <h4 class=\"menu-slot__title\">\n                                Menu \u00ab\u00a0D\u00e9clinaison de Foie gras &#038; Canard\u00a0\u00bb\n                            <\/h4>\n\n                            <div class=\"menu-slot__desc wysiwyg\">\n                                \n<p>du 08\/11 au 10\/12<\/p>\n\n                            <\/div>\n                        <\/div>\n                                            <div class=\"menu-slot --main\" data-aos=\"fade-zoom-in\" data-aos-easing=\"ease-in-back\" data-aos-delay=\"300\" data-aos-offset=\"0\">\n                            <h4 class=\"menu-slot__title\">\n                                Menu \u00ab\u00a0De l\u2019Hiver\u00a0\u00bb\n                            <\/h4>\n\n                            <div class=\"menu-slot__desc wysiwyg\">\n                                \n<p>du 13\/12 au 30\/12 (hors 25\/12)<\/p>\n\n                            <\/div>\n                        <\/div>\n                                    <\/div>\n            <\/div>\n        <\/div>\n    <\/div>\n\n\n","protected":false},"excerpt":{"rendered":"","protected":false},"author":1,"featured_media":0,"parent":0,"menu_order":0,"comment_status":"closed","ping_status":"closed","template":"","meta":{"_acf_changed":false,"inline_featured_image":false,"footnotes":""},"class_list":["post-1062","page","type-page","status-publish","hentry"],"acf":[],"yoast_head":"<!-- This site is optimized with the Yoast SEO plugin v26.2 - https:\/\/yoast.com\/wordpress\/plugins\/seo\/ -->\n<title>Gourmet Calendar - Les forges du pont d&#039;Oye<\/title>\n<meta name=\"robots\" content=\"index, follow, max-snippet:-1, max-image-preview:large, max-video-preview:-1\" \/>\n<link rel=\"canonical\" href=\"https:\/\/www.forgesdupontdoye.com\/en\/gourmet-calendar\/\" \/>\n<meta property=\"og:locale\" content=\"en_US\" \/>\n<meta property=\"og:type\" content=\"article\" \/>\n<meta property=\"og:title\" content=\"Gourmet Calendar - Les forges du pont d&#039;Oye\" \/>\n<meta property=\"og:url\" content=\"https:\/\/www.forgesdupontdoye.com\/en\/gourmet-calendar\/\" \/>\n<meta property=\"og:site_name\" content=\"Les forges du pont d&#039;Oye\" \/>\n<meta property=\"article:modified_time\" content=\"2023-01-25T15:57:04+00:00\" \/>\n<meta name=\"twitter:card\" content=\"summary_large_image\" \/>\n<meta name=\"twitter:label1\" content=\"Est. reading time\" \/>\n\t<meta name=\"twitter:data1\" content=\"1 minute\" \/>\n<script type=\"application\/ld+json\" class=\"yoast-schema-graph\">{\"@context\":\"https:\/\/schema.org\",\"@graph\":[{\"@type\":\"WebPage\",\"@id\":\"https:\/\/www.forgesdupontdoye.com\/en\/gourmet-calendar\/\",\"url\":\"https:\/\/www.forgesdupontdoye.com\/en\/gourmet-calendar\/\",\"name\":\"Gourmet Calendar - Les forges du pont d&#039;Oye\",\"isPartOf\":{\"@id\":\"https:\/\/www.forgesdupontdoye.com\/en\/#website\"},\"datePublished\":\"2022-08-11T14:54:17+00:00\",\"dateModified\":\"2023-01-25T15:57:04+00:00\",\"inLanguage\":\"en-US\",\"potentialAction\":[{\"@type\":\"ReadAction\",\"target\":[\"https:\/\/www.forgesdupontdoye.com\/en\/gourmet-calendar\/\"]}]},{\"@type\":\"WebSite\",\"@id\":\"https:\/\/www.forgesdupontdoye.com\/en\/#website\",\"url\":\"https:\/\/www.forgesdupontdoye.com\/en\/\",\"name\":\"Les forges du pont d&#039;Oye\",\"description\":\"H\u00f4tel restaurant \u00e0 Habay-la-Neuve\",\"potentialAction\":[{\"@type\":\"SearchAction\",\"target\":{\"@type\":\"EntryPoint\",\"urlTemplate\":\"https:\/\/www.forgesdupontdoye.com\/en\/?s={search_term_string}\"},\"query-input\":{\"@type\":\"PropertyValueSpecification\",\"valueRequired\":true,\"valueName\":\"search_term_string\"}}],\"inLanguage\":\"en-US\"}]}<\/script>\n<!-- \/ Yoast SEO plugin. -->","yoast_head_json":{"title":"Gourmet Calendar - Les forges du pont d&#039;Oye","robots":{"index":"index","follow":"follow","max-snippet":"max-snippet:-1","max-image-preview":"max-image-preview:large","max-video-preview":"max-video-preview:-1"},"canonical":"https:\/\/www.forgesdupontdoye.com\/en\/gourmet-calendar\/","og_locale":"en_US","og_type":"article","og_title":"Gourmet Calendar - Les forges du pont d&#039;Oye","og_url":"https:\/\/www.forgesdupontdoye.com\/en\/gourmet-calendar\/","og_site_name":"Les forges du pont d&#039;Oye","article_modified_time":"2023-01-25T15:57:04+00:00","twitter_card":"summary_large_image","twitter_misc":{"Est. reading time":"1 minute"},"schema":{"@context":"https:\/\/schema.org","@graph":[{"@type":"WebPage","@id":"https:\/\/www.forgesdupontdoye.com\/en\/gourmet-calendar\/","url":"https:\/\/www.forgesdupontdoye.com\/en\/gourmet-calendar\/","name":"Gourmet Calendar - Les forges du pont d&#039;Oye","isPartOf":{"@id":"https:\/\/www.forgesdupontdoye.com\/en\/#website"},"datePublished":"2022-08-11T14:54:17+00:00","dateModified":"2023-01-25T15:57:04+00:00","inLanguage":"en-US","potentialAction":[{"@type":"ReadAction","target":["https:\/\/www.forgesdupontdoye.com\/en\/gourmet-calendar\/"]}]},{"@type":"WebSite","@id":"https:\/\/www.forgesdupontdoye.com\/en\/#website","url":"https:\/\/www.forgesdupontdoye.com\/en\/","name":"Les forges du pont d&#039;Oye","description":"H\u00f4tel restaurant \u00e0 Habay-la-Neuve","potentialAction":[{"@type":"SearchAction","target":{"@type":"EntryPoint","urlTemplate":"https:\/\/www.forgesdupontdoye.com\/en\/?s={search_term_string}"},"query-input":{"@type":"PropertyValueSpecification","valueRequired":true,"valueName":"search_term_string"}}],"inLanguage":"en-US"}]}},"_links":{"self":[{"href":"https:\/\/www.forgesdupontdoye.com\/en\/wp-json\/wp\/v2\/pages\/1062","targetHints":{"allow":["GET"]}}],"collection":[{"href":"https:\/\/www.forgesdupontdoye.com\/en\/wp-json\/wp\/v2\/pages"}],"about":[{"href":"https:\/\/www.forgesdupontdoye.com\/en\/wp-json\/wp\/v2\/types\/page"}],"author":[{"embeddable":true,"href":"https:\/\/www.forgesdupontdoye.com\/en\/wp-json\/wp\/v2\/users\/1"}],"replies":[{"embeddable":true,"href":"https:\/\/www.forgesdupontdoye.com\/en\/wp-json\/wp\/v2\/comments?post=1062"}],"version-history":[{"count":5,"href":"https:\/\/www.forgesdupontdoye.com\/en\/wp-json\/wp\/v2\/pages\/1062\/revisions"}],"predecessor-version":[{"id":1468,"href":"https:\/\/www.forgesdupontdoye.com\/en\/wp-json\/wp\/v2\/pages\/1062\/revisions\/1468"}],"wp:attachment":[{"href":"https:\/\/www.forgesdupontdoye.com\/en\/wp-json\/wp\/v2\/media?parent=1062"}],"curies":[{"name":"wp","href":"https:\/\/api.w.org\/{rel}","templated":true}]}}